{"id":1858,"date":"2022-04-27T10:46:41","date_gmt":"2022-04-27T10:46:41","guid":{"rendered":"https:\/\/cuieet29.webs.upv.es\/?page_id=1858"},"modified":"2022-05-19T06:56:57","modified_gmt":"2022-05-19T06:56:57","slug":"1858-2","status":"publish","type":"page","link":"https:\/\/cuieet29.webs.upv.es\/?page_id=1858","title":{"rendered":"Alojamiento"},"content":{"rendered":"<p>[vc_row][vc_column][vc_column_text]Ante la imposibilidad de realizar prerreserva hotelera sin coste a\u00f1adido, la organizaci\u00f3n pone a disposici\u00f3n de los asistentes al CUIEET29 una ruta de autob\u00fas para facilitar el desplazamiento al congreso, <strong>planificada por la amplia oferta de hoteles en su recorrido<\/strong>. En caso de que un n\u00famero importante de congresistas se alojase en un hotel alejado de la ruta propuesta, rogamos nos lo comuniquen para valorar su inclusi\u00f3n en este trayecto.<\/p>\n<p>La ruta tiene 4 paradas, que se muestran en el mapa inferior, y en cada una de ellas el autob\u00fas estar\u00e1 parado 5 minutos (para ver detalle ampliado de cada zona, clicar en los rect\u00e1ngulos ubicados debajo del mapa).<\/p>\n<p>A continuaci\u00f3n se indica<strong>, para cada uno de los d\u00edas, la hora de inicio de la ruta en la Parada 1: AC Hotel Valencia<\/strong> y la hora de recogida para el regreso a los hoteles. El punto de llegada y partida en la UPV siempre ser\u00e1 el mismo: Avenida de los Naranjos, s\/n, a la altura del Colegio Mayor Galileo Galilei. Desde ah\u00ed se deber\u00e1 caminar 5 minutos hasta la ETSID.<\/p>\n<p>Cualquier asistente al CUIEET29, se aloje o no en los hoteles, podr\u00e1 acudir a alguna de las paradas indicadas para acceder al congreso.<\/p>\n<p>A fin de que este servicio se pueda gestionar correctamente, se solicitar\u00e1 <strong>mediante formulario y con tiempo suficiente para poder realizar las gestiones oportunas<\/strong>, la previsi\u00f3n de uso del mismo.<\/p>\n<ul>\n<li style=\"list-style-type: disc; margin-left: 20px; margin-bottom: 10px;\"><strong>Martes 19 de julio<\/strong>\n<ul>\n<li>Ida: Recogida en la Parada 1: AC Hotel Valencia a las 17:45 h. para llegar a la UPV a las 18:30 h.<\/li>\n<li>Vuelta: Recogida en la UPV a las 22:00 h.<\/li>\n<\/ul>\n<\/li>\n<li style=\"list-style-type: disc; margin-left: 20px; margin-bottom: 10px;\"><strong>Mi\u00e9rcoles 20 de julio <\/strong>\n<ul>\n<li>Ida: Recogida en la Parada 1: AC Hotel Valencia a las 8:25 h. para llegar a la UPV a las 9:00 h.<\/li>\n<li>Vuelta: Recogida en la UPV a las 16:00 h.<\/li>\n<li>Ida: Recogida en la Parada 1: AC Hotel Valencia a las 17:45 h. para llegar a las Torres de Serranos a las 18:15 h.<\/li>\n<\/ul>\n<\/li>\n<li style=\"list-style-type: disc; margin-left: 20px; margin-bottom: 10px;\"><strong>Jueves 21 de julio <\/strong>\n<ul>\n<li>Ida: Recogida en la Parada 1: AC Hotel Valencia a las 8:25 h. para llegar a la UPV a las 9:15 h.<\/li>\n<li>Vuelta: Recogida en la UPV a las 16:00 h.<\/li>\n<li>Ida: Recogida en la Parada 1: AC Hotel Valencia a las 18:45 h. para llegar al Tinglado n\u00ba2 del puerto a las 19:45 h.<\/li>\n<\/ul>\n<\/li>\n<li style=\"list-style-type: disc; margin-left: 20px; margin-bottom: 10px;\"><strong>Viernes 22 de julio <\/strong>\n<ul>\n<li>Ida: Recogida en la Parada 1: AC Hotel Valencia a las 8:25 h. para llegar a la UPV a las 9:15 h.<\/li>\n<li>Vuelta: Recogida en la UPV a las 16:00 h.<\/li>\n<\/ul>\n<\/li>\n<\/ul>\n<p>[\/vc_column_text][\/vc_column][\/vc_row][vc_row css=&#8221;.vc_custom_1652782959558{margin-bottom: 30px !important;padding-top: 30px !important;padding-bottom: 30px !important;}&#8221;][vc_column][vc_single_image image=&#8221;1984&#8243; img_size=&#8221;LARGE&#8221; alignment=&#8221;center&#8221;][\/vc_column][\/vc_row][vc_row][vc_column width=&#8221;1\/5&#8243;]<a href=\"https:\/\/cuieet29.webs.upv.es\/wp-content\/uploads\/2022\/05\/Parada1.jpg\" target='_blank' style=\"margin: 0px 0px 20px 0px\" class=\"btn btn-theme animated flipInY visible   \" data-animation=\"flipInY\" data-animation-delay=\"200\">PARADA 1<\/a>[\/vc_column][vc_column width=&#8221;1\/5&#8243;]<a href=\"https:\/\/cuieet29.webs.upv.es\/wp-content\/uploads\/2022\/05\/Parada2.jpg\" target='_blank' style=\"margin: 0px 0px 20px 0px\" class=\"btn btn-theme animated flipInY visible   \" data-animation=\"flipInY\" data-animation-delay=\"200\">PARADA 2<\/a>[\/vc_column][vc_column width=&#8221;1\/5&#8243;]<a href=\"https:\/\/cuieet29.webs.upv.es\/wp-content\/uploads\/2022\/05\/Parada3.jpg\" target='_blank' style=\"margin: 0px 0px 20px 0px\" class=\"btn btn-theme animated flipInY visible   \" data-animation=\"flipInY\" data-animation-delay=\"200\">PARADA 3<\/a>[\/vc_column][vc_column width=&#8221;1\/5&#8243;]<a href=\"https:\/\/cuieet29.webs.upv.es\/wp-content\/uploads\/2022\/05\/Parada4.jpg\" target='_blank' style=\"margin: 0px 0px 20px 0px\" class=\"btn btn-theme animated flipInY visible   \" data-animation=\"flipInY\" data-animation-delay=\"200\">PARADA 4<\/a>[\/vc_column][vc_column width=&#8221;1\/5&#8243;]<a href=\"https:\/\/cuieet29.webs.upv.es\/wp-content\/uploads\/2022\/05\/acceso-cuieet29.jpg\" target='_blank' style=\"margin: 0px 0px 20px 0px\" class=\"btn btn-theme animated flipInY visible   \" data-animation=\"flipInY\" data-animation-delay=\"200\">ACCESO A CUIEET29<\/a>[\/vc_column][\/vc_row][vc_row][vc_column][vc_column_text]En el siguiente documento tienen un listado de hoteles de 3, 4 y 5 estrellas cercanos al lugar de celebraci\u00f3n del congreso: <a href=\"https:\/\/cuieet29.webs.upv.es\/wp-content\/uploads\/2022\/05\/Ruta-autobus-y-hoteles-cercanos-a-la-UPV.pdf\" target=\"_blank\" rel=\"noopener\"><strong>Hoteles cercanos a la UPV<\/strong><\/a><\/p>\n<p>En este enlace pueden consultar una oferta hotelera m\u00e1s amplia de la ciudad de Valencia:\u00a0 <a href=\"https:\/\/www.visitvalencia.com\/planifica-tu-viaje-a-valencia\/alojamiento-valencia\" target=\"_blank\" rel=\"noopener\"><strong>d\u00f3nde Alojarse<\/strong><\/a>[\/vc_column_text][\/vc_column][\/vc_row]<\/p>\n","protected":false},"excerpt":{"rendered":"<p>[vc_row][vc_column][vc_column_text]Ante la imposibilidad de realizar prerreserva hotelera sin coste a\u00f1adido, la organizaci\u00f3n pone a disposici\u00f3n de los asistentes al CUIEET29 una ruta de autob\u00fas para facilitar el desplazamiento al congreso, planificada por la amplia oferta de hoteles en su recorrido. En caso<\/p>\n","protected":false},"author":1,"featured_media":0,"parent":0,"menu_order":0,"comment_status":"closed","ping_status":"closed","template":"","meta":{"footnotes":""},"class_list":["post-1858","page","type-page","status-publish","hentry"],"yoast_head":"<!-- This site is optimized with the Yoast SEO plugin v27.5 - https:\/\/yoast.com\/product\/yoast-seo-wordpress\/ -->\n<title>Alojamiento - CUIEET29<\/title>\n<meta name=\"robots\" content=\"index, follow, max-snippet:-1, max-image-preview:large, max-video-preview:-1\" \/>\n<link rel=\"canonical\" href=\"https:\/\/cuieet29.webs.upv.es\/?page_id=1858\" \/>\n<meta property=\"og:locale\" content=\"es_ES\" \/>\n<meta property=\"og:type\" content=\"article\" \/>\n<meta property=\"og:title\" content=\"Alojamiento - CUIEET29\" \/>\n<meta property=\"og:description\" content=\"[vc_row][vc_column][vc_column_text]Ante la imposibilidad de realizar prerreserva hotelera sin coste a\u00f1adido, la organizaci\u00f3n pone a disposici\u00f3n de los asistentes al CUIEET29 una ruta de autob\u00fas para facilitar el desplazamiento al congreso, planificada por la amplia oferta de hoteles en su recorrido. En caso\" \/>\n<meta property=\"og:url\" content=\"https:\/\/cuieet29.webs.upv.es\/?page_id=1858\" \/>\n<meta property=\"og:site_name\" content=\"CUIEET29\" \/>\n<meta property=\"article:modified_time\" content=\"2022-05-19T06:56:57+00:00\" \/>\n<meta name=\"twitter:card\" content=\"summary_large_image\" \/>\n<meta name=\"twitter:label1\" content=\"Tiempo de lectura\" \/>\n\t<meta name=\"twitter:data1\" content=\"1 minuto\" \/>\n<script type=\"application\/ld+json\" class=\"yoast-schema-graph\">{\"@context\":\"https:\\\/\\\/schema.org\",\"@graph\":[{\"@type\":\"WebPage\",\"@id\":\"https:\\\/\\\/cuieet29.webs.upv.es\\\/?page_id=1858\",\"url\":\"https:\\\/\\\/cuieet29.webs.upv.es\\\/?page_id=1858\",\"name\":\"Alojamiento - CUIEET29\",\"isPartOf\":{\"@id\":\"https:\\\/\\\/cuieet29.webs.upv.es\\\/#website\"},\"datePublished\":\"2022-04-27T10:46:41+00:00\",\"dateModified\":\"2022-05-19T06:56:57+00:00\",\"breadcrumb\":{\"@id\":\"https:\\\/\\\/cuieet29.webs.upv.es\\\/?page_id=1858#breadcrumb\"},\"inLanguage\":\"es\",\"potentialAction\":[{\"@type\":\"ReadAction\",\"target\":[\"https:\\\/\\\/cuieet29.webs.upv.es\\\/?page_id=1858\"]}]},{\"@type\":\"BreadcrumbList\",\"@id\":\"https:\\\/\\\/cuieet29.webs.upv.es\\\/?page_id=1858#breadcrumb\",\"itemListElement\":[{\"@type\":\"ListItem\",\"position\":1,\"name\":\"Portada\",\"item\":\"https:\\\/\\\/cuieet29.webs.upv.es\\\/\"},{\"@type\":\"ListItem\",\"position\":2,\"name\":\"Alojamiento\"}]},{\"@type\":\"WebSite\",\"@id\":\"https:\\\/\\\/cuieet29.webs.upv.es\\\/#website\",\"url\":\"https:\\\/\\\/cuieet29.webs.upv.es\\\/\",\"name\":\"CUIEET29\",\"description\":\"CUIEET 2022\",\"publisher\":{\"@id\":\"https:\\\/\\\/cuieet29.webs.upv.es\\\/#organization\"},\"potentialAction\":[{\"@type\":\"SearchAction\",\"target\":{\"@type\":\"EntryPoint\",\"urlTemplate\":\"https:\\\/\\\/cuieet29.webs.upv.es\\\/?s={search_term_string}\"},\"query-input\":{\"@type\":\"PropertyValueSpecification\",\"valueRequired\":true,\"valueName\":\"search_term_string\"}}],\"inLanguage\":\"es\"},{\"@type\":\"Organization\",\"@id\":\"https:\\\/\\\/cuieet29.webs.upv.es\\\/#organization\",\"name\":\"Cuieet29\",\"url\":\"https:\\\/\\\/cuieet29.webs.upv.es\\\/\",\"logo\":{\"@type\":\"ImageObject\",\"inLanguage\":\"es\",\"@id\":\"https:\\\/\\\/cuieet29.webs.upv.es\\\/#\\\/schema\\\/logo\\\/image\\\/\",\"url\":\"https:\\\/\\\/cuieet29.webs.upv.es\\\/wp-content\\\/uploads\\\/2022\\\/04\\\/cuieet29_tw.gif\",\"contentUrl\":\"https:\\\/\\\/cuieet29.webs.upv.es\\\/wp-content\\\/uploads\\\/2022\\\/04\\\/cuieet29_tw.gif\",\"width\":1024,\"height\":512,\"caption\":\"Cuieet29\"},\"image\":{\"@id\":\"https:\\\/\\\/cuieet29.webs.upv.es\\\/#\\\/schema\\\/logo\\\/image\\\/\"},\"sameAs\":[\"https:\\\/\\\/www.instagram.com\\\/@cuieet_29\"]}]}<\/script>\n<!-- \/ Yoast SEO plugin. -->","yoast_head_json":{"title":"Alojamiento - CUIEET29","robots":{"index":"index","follow":"follow","max-snippet":"max-snippet:-1","max-image-preview":"max-image-preview:large","max-video-preview":"max-video-preview:-1"},"canonical":"https:\/\/cuieet29.webs.upv.es\/?page_id=1858","og_locale":"es_ES","og_type":"article","og_title":"Alojamiento - CUIEET29","og_description":"[vc_row][vc_column][vc_column_text]Ante la imposibilidad de realizar prerreserva hotelera sin coste a\u00f1adido, la organizaci\u00f3n pone a disposici\u00f3n de los asistentes al CUIEET29 una ruta de autob\u00fas para facilitar el desplazamiento al congreso, planificada por la amplia oferta de hoteles en su recorrido. En caso","og_url":"https:\/\/cuieet29.webs.upv.es\/?page_id=1858","og_site_name":"CUIEET29","article_modified_time":"2022-05-19T06:56:57+00:00","twitter_card":"summary_large_image","twitter_misc":{"Tiempo de lectura":"1 minuto"},"schema":{"@context":"https:\/\/schema.org","@graph":[{"@type":"WebPage","@id":"https:\/\/cuieet29.webs.upv.es\/?page_id=1858","url":"https:\/\/cuieet29.webs.upv.es\/?page_id=1858","name":"Alojamiento - CUIEET29","isPartOf":{"@id":"https:\/\/cuieet29.webs.upv.es\/#website"},"datePublished":"2022-04-27T10:46:41+00:00","dateModified":"2022-05-19T06:56:57+00:00","breadcrumb":{"@id":"https:\/\/cuieet29.webs.upv.es\/?page_id=1858#breadcrumb"},"inLanguage":"es","potentialAction":[{"@type":"ReadAction","target":["https:\/\/cuieet29.webs.upv.es\/?page_id=1858"]}]},{"@type":"BreadcrumbList","@id":"https:\/\/cuieet29.webs.upv.es\/?page_id=1858#breadcrumb","itemListElement":[{"@type":"ListItem","position":1,"name":"Portada","item":"https:\/\/cuieet29.webs.upv.es\/"},{"@type":"ListItem","position":2,"name":"Alojamiento"}]},{"@type":"WebSite","@id":"https:\/\/cuieet29.webs.upv.es\/#website","url":"https:\/\/cuieet29.webs.upv.es\/","name":"CUIEET29","description":"CUIEET 2022","publisher":{"@id":"https:\/\/cuieet29.webs.upv.es\/#organization"},"potentialAction":[{"@type":"SearchAction","target":{"@type":"EntryPoint","urlTemplate":"https:\/\/cuieet29.webs.upv.es\/?s={search_term_string}"},"query-input":{"@type":"PropertyValueSpecification","valueRequired":true,"valueName":"search_term_string"}}],"inLanguage":"es"},{"@type":"Organization","@id":"https:\/\/cuieet29.webs.upv.es\/#organization","name":"Cuieet29","url":"https:\/\/cuieet29.webs.upv.es\/","logo":{"@type":"ImageObject","inLanguage":"es","@id":"https:\/\/cuieet29.webs.upv.es\/#\/schema\/logo\/image\/","url":"https:\/\/cuieet29.webs.upv.es\/wp-content\/uploads\/2022\/04\/cuieet29_tw.gif","contentUrl":"https:\/\/cuieet29.webs.upv.es\/wp-content\/uploads\/2022\/04\/cuieet29_tw.gif","width":1024,"height":512,"caption":"Cuieet29"},"image":{"@id":"https:\/\/cuieet29.webs.upv.es\/#\/schema\/logo\/image\/"},"sameAs":["https:\/\/www.instagram.com\/@cuieet_29"]}]}},"_links":{"self":[{"href":"https:\/\/cuieet29.webs.upv.es\/index.php?rest_route=\/wp\/v2\/pages\/1858","targetHints":{"allow":["GET"]}}],"collection":[{"href":"https:\/\/cuieet29.webs.upv.es\/index.php?rest_route=\/wp\/v2\/pages"}],"about":[{"href":"https:\/\/cuieet29.webs.upv.es\/index.php?rest_route=\/wp\/v2\/types\/page"}],"author":[{"embeddable":true,"href":"https:\/\/cuieet29.webs.upv.es\/index.php?rest_route=\/wp\/v2\/users\/1"}],"replies":[{"embeddable":true,"href":"https:\/\/cuieet29.webs.upv.es\/index.php?rest_route=%2Fwp%2Fv2%2Fcomments&post=1858"}],"version-history":[{"count":13,"href":"https:\/\/cuieet29.webs.upv.es\/index.php?rest_route=\/wp\/v2\/pages\/1858\/revisions"}],"predecessor-version":[{"id":1994,"href":"https:\/\/cuieet29.webs.upv.es\/index.php?rest_route=\/wp\/v2\/pages\/1858\/revisions\/1994"}],"wp:attachment":[{"href":"https:\/\/cuieet29.webs.upv.es\/index.php?rest_route=%2Fwp%2Fv2%2Fmedia&parent=1858"}],"curies":[{"name":"wp","href":"https:\/\/api.w.org\/{rel}","templated":true}]}}