{"id":2076,"date":"2022-06-17T06:17:07","date_gmt":"2022-06-17T06:17:07","guid":{"rendered":"https:\/\/cuieet29.webs.upv.es\/?page_id=2076"},"modified":"2022-06-17T08:05:09","modified_gmt":"2022-06-17T08:05:09","slug":"comite-organizador","status":"publish","type":"page","link":"https:\/\/cuieet29.webs.upv.es\/?page_id=2076","title":{"rendered":"Comit\u00e9 Organizador"},"content":{"rendered":"<p>[vc_row][vc_column]\n      <h3 class=\"section-title \"><span data-animation=\"flipInY\" data-animation-delay=\"300\" class=\"icon-inner\"><span class=\"fa-stack\"><i class=\"fa crcle fa-stack-2x\"><\/i><i class=\"fa fa-circle-check fa-stack-1x\"><\/i><\/span><\/span><span data-animation=\"fadeInRight\" data-animation-delay=\"500\" class=\"title-inner\">Comit\u00e9 Organizador <small> <\/small><\/span><\/h3>\n    [vc_column_text css=&#8221;.vc_custom_1655447838468{margin-top: 20px !important;}&#8221;]<\/p>\n<table>\n<tbody>\n<tr>\n<td><strong>PRESIDENTA<\/strong><\/td>\n<\/tr>\n<tr>\n<td>Bego\u00f1a S\u00e1iz Maule\u00f3n<\/td>\n<\/tr>\n<\/tbody>\n<\/table>\n<p>&nbsp;<\/p>\n<table>\n<tbody>\n<tr>\n<td><strong>COMISI\u00d3N EJECUTIVA<\/strong><\/td>\n<\/tr>\n<tr>\n<td>Vanesa Paula Cuenca Gotor<\/td>\n<\/tr>\n<tr>\n<td>Pedro Fuentes Dur\u00e1<\/td>\n<\/tr>\n<tr>\n<td>Juan Antonio Monsoriu Serra<\/td>\n<\/tr>\n<tr>\n<td>Cristina Navarro Aparicio<\/td>\n<\/tr>\n<tr>\n<td>Rafael Seiz Ortiz<\/td>\n<\/tr>\n<tr>\n<td>Mar\u00eda Jes\u00fas Vidal Garc\u00eda<\/td>\n<\/tr>\n<\/tbody>\n<\/table>\n<p>&nbsp;<\/p>\n<table width=\"250\">\n<tbody>\n<tr>\n<td width=\"250\"><strong>VOCALES<\/strong><\/td>\n<\/tr>\n<tr>\n<td>Olga Ampuero Canellas<\/td>\n<\/tr>\n<tr>\n<td>Jos\u00e9 Armijo Tortajada<\/td>\n<\/tr>\n<tr>\n<td>Irene Bad\u00eda Madrigal<\/td>\n<\/tr>\n<tr>\n<td>Marta Ballester Collado<\/td>\n<\/tr>\n<tr>\n<td>Carlos Garc\u00eda Corredor<\/td>\n<\/tr>\n<tr>\n<td>Jimena Gonz\u00e1lez del R\u00edo Cogorno<\/td>\n<\/tr>\n<tr>\n<td>Rita Julia G\u00f3rriz Salanova<\/td>\n<\/tr>\n<tr>\n<td>Walid Husam Jabr Herrera<\/td>\n<\/tr>\n<tr>\n<td>Bego\u00f1a Jord\u00e1 Albi\u00f1ana<\/td>\n<\/tr>\n<tr>\n<td>Empar Mart\u00ed Andreu<\/td>\n<\/tr>\n<tr>\n<td>Pablo Mir\u00f3n Hern\u00e1ndez<\/td>\n<\/tr>\n<tr>\n<td>In\u00e9s Mondrag\u00f3n Pons<\/td>\n<\/tr>\n<tr>\n<td>Victoria Olcina Marcos<\/td>\n<\/tr>\n<tr>\n<td>Amparo Samper Mart\u00ednez<\/td>\n<\/tr>\n<tr>\n<td>Carlos Sandia Paredes<\/td>\n<\/tr>\n<tr>\n<td>Nereida Tarazona Belenguer<\/td>\n<\/tr>\n<tr>\n<td>Elena Torrej\u00f3n Garc\u00eda<\/td>\n<\/tr>\n<tr>\n<td>Pablo Tortosa Juanes<\/td>\n<\/tr>\n<tr>\n<td>Pablo Y\u00e1niz Gonz\u00e1lez<\/td>\n<\/tr>\n<\/tbody>\n<\/table>\n<h2><\/h2>\n<p>[\/vc_column_text][\/vc_column][\/vc_row]<\/p>\n","protected":false},"excerpt":{"rendered":"<p>[vc_row][vc_column][vc_column_text css=&#8221;.vc_custom_1655447838468{margin-top: 20px !important;}&#8221;] PRESIDENTA Bego\u00f1a S\u00e1iz Maule\u00f3n &nbsp; COMISI\u00d3N EJECUTIVA Vanesa Paula Cuenca Gotor Pedro Fuentes Dur\u00e1 Juan Antonio Monsoriu Serra Cristina Navarro Aparicio Rafael Seiz Ortiz Mar\u00eda Jes\u00fas Vidal Garc\u00eda &nbsp; VOCALES Olga Ampuero Canellas Jos\u00e9 Armijo Tortajada Irene Bad\u00eda<\/p>\n","protected":false},"author":1,"featured_media":0,"parent":0,"menu_order":0,"comment_status":"closed","ping_status":"closed","template":"","meta":{"footnotes":""},"class_list":["post-2076","page","type-page","status-publish","hentry"],"yoast_head":"<!-- This site is optimized with the Yoast SEO plugin v27.5 - https:\/\/yoast.com\/product\/yoast-seo-wordpress\/ -->\n<title>Comit\u00e9 Organizador - CUIEET29<\/title>\n<meta name=\"robots\" content=\"index, follow, max-snippet:-1, max-image-preview:large, max-video-preview:-1\" \/>\n<link rel=\"canonical\" href=\"https:\/\/cuieet29.webs.upv.es\/?page_id=2076\" \/>\n<meta property=\"og:locale\" content=\"es_ES\" \/>\n<meta property=\"og:type\" content=\"article\" \/>\n<meta property=\"og:title\" content=\"Comit\u00e9 Organizador - CUIEET29\" \/>\n<meta property=\"og:description\" content=\"[vc_row][vc_column][vc_column_text css=&#8221;.vc_custom_1655447838468{margin-top: 20px !important;}&#8221;] PRESIDENTA Bego\u00f1a S\u00e1iz Maule\u00f3n &nbsp; COMISI\u00d3N EJECUTIVA Vanesa Paula Cuenca Gotor Pedro Fuentes Dur\u00e1 Juan Antonio Monsoriu Serra Cristina Navarro Aparicio Rafael Seiz Ortiz Mar\u00eda Jes\u00fas Vidal Garc\u00eda &nbsp; VOCALES Olga Ampuero Canellas Jos\u00e9 Armijo Tortajada Irene Bad\u00eda\" \/>\n<meta property=\"og:url\" content=\"https:\/\/cuieet29.webs.upv.es\/?page_id=2076\" \/>\n<meta property=\"og:site_name\" content=\"CUIEET29\" \/>\n<meta property=\"article:modified_time\" content=\"2022-06-17T08:05:09+00:00\" \/>\n<meta name=\"twitter:card\" content=\"summary_large_image\" \/>\n<meta name=\"twitter:label1\" content=\"Tiempo de lectura\" \/>\n\t<meta name=\"twitter:data1\" content=\"1 minuto\" \/>\n<script type=\"application\/ld+json\" class=\"yoast-schema-graph\">{\"@context\":\"https:\\\/\\\/schema.org\",\"@graph\":[{\"@type\":\"WebPage\",\"@id\":\"https:\\\/\\\/cuieet29.webs.upv.es\\\/?page_id=2076\",\"url\":\"https:\\\/\\\/cuieet29.webs.upv.es\\\/?page_id=2076\",\"name\":\"Comit\u00e9 Organizador - CUIEET29\",\"isPartOf\":{\"@id\":\"https:\\\/\\\/cuieet29.webs.upv.es\\\/#website\"},\"datePublished\":\"2022-06-17T06:17:07+00:00\",\"dateModified\":\"2022-06-17T08:05:09+00:00\",\"breadcrumb\":{\"@id\":\"https:\\\/\\\/cuieet29.webs.upv.es\\\/?page_id=2076#breadcrumb\"},\"inLanguage\":\"es\",\"potentialAction\":[{\"@type\":\"ReadAction\",\"target\":[\"https:\\\/\\\/cuieet29.webs.upv.es\\\/?page_id=2076\"]}]},{\"@type\":\"BreadcrumbList\",\"@id\":\"https:\\\/\\\/cuieet29.webs.upv.es\\\/?page_id=2076#breadcrumb\",\"itemListElement\":[{\"@type\":\"ListItem\",\"position\":1,\"name\":\"Portada\",\"item\":\"https:\\\/\\\/cuieet29.webs.upv.es\\\/\"},{\"@type\":\"ListItem\",\"position\":2,\"name\":\"Comit\u00e9 Organizador\"}]},{\"@type\":\"WebSite\",\"@id\":\"https:\\\/\\\/cuieet29.webs.upv.es\\\/#website\",\"url\":\"https:\\\/\\\/cuieet29.webs.upv.es\\\/\",\"name\":\"CUIEET29\",\"description\":\"CUIEET 2022\",\"publisher\":{\"@id\":\"https:\\\/\\\/cuieet29.webs.upv.es\\\/#organization\"},\"potentialAction\":[{\"@type\":\"SearchAction\",\"target\":{\"@type\":\"EntryPoint\",\"urlTemplate\":\"https:\\\/\\\/cuieet29.webs.upv.es\\\/?s={search_term_string}\"},\"query-input\":{\"@type\":\"PropertyValueSpecification\",\"valueRequired\":true,\"valueName\":\"search_term_string\"}}],\"inLanguage\":\"es\"},{\"@type\":\"Organization\",\"@id\":\"https:\\\/\\\/cuieet29.webs.upv.es\\\/#organization\",\"name\":\"Cuieet29\",\"url\":\"https:\\\/\\\/cuieet29.webs.upv.es\\\/\",\"logo\":{\"@type\":\"ImageObject\",\"inLanguage\":\"es\",\"@id\":\"https:\\\/\\\/cuieet29.webs.upv.es\\\/#\\\/schema\\\/logo\\\/image\\\/\",\"url\":\"https:\\\/\\\/cuieet29.webs.upv.es\\\/wp-content\\\/uploads\\\/2022\\\/04\\\/cuieet29_tw.gif\",\"contentUrl\":\"https:\\\/\\\/cuieet29.webs.upv.es\\\/wp-content\\\/uploads\\\/2022\\\/04\\\/cuieet29_tw.gif\",\"width\":1024,\"height\":512,\"caption\":\"Cuieet29\"},\"image\":{\"@id\":\"https:\\\/\\\/cuieet29.webs.upv.es\\\/#\\\/schema\\\/logo\\\/image\\\/\"},\"sameAs\":[\"https:\\\/\\\/www.instagram.com\\\/@cuieet_29\"]}]}<\/script>\n<!-- \/ Yoast SEO plugin. -->","yoast_head_json":{"title":"Comit\u00e9 Organizador - CUIEET29","robots":{"index":"index","follow":"follow","max-snippet":"max-snippet:-1","max-image-preview":"max-image-preview:large","max-video-preview":"max-video-preview:-1"},"canonical":"https:\/\/cuieet29.webs.upv.es\/?page_id=2076","og_locale":"es_ES","og_type":"article","og_title":"Comit\u00e9 Organizador - CUIEET29","og_description":"[vc_row][vc_column][vc_column_text css=&#8221;.vc_custom_1655447838468{margin-top: 20px !important;}&#8221;] PRESIDENTA Bego\u00f1a S\u00e1iz Maule\u00f3n &nbsp; COMISI\u00d3N EJECUTIVA Vanesa Paula Cuenca Gotor Pedro Fuentes Dur\u00e1 Juan Antonio Monsoriu Serra Cristina Navarro Aparicio Rafael Seiz Ortiz Mar\u00eda Jes\u00fas Vidal Garc\u00eda &nbsp; VOCALES Olga Ampuero Canellas Jos\u00e9 Armijo Tortajada Irene Bad\u00eda","og_url":"https:\/\/cuieet29.webs.upv.es\/?page_id=2076","og_site_name":"CUIEET29","article_modified_time":"2022-06-17T08:05:09+00:00","twitter_card":"summary_large_image","twitter_misc":{"Tiempo de lectura":"1 minuto"},"schema":{"@context":"https:\/\/schema.org","@graph":[{"@type":"WebPage","@id":"https:\/\/cuieet29.webs.upv.es\/?page_id=2076","url":"https:\/\/cuieet29.webs.upv.es\/?page_id=2076","name":"Comit\u00e9 Organizador - CUIEET29","isPartOf":{"@id":"https:\/\/cuieet29.webs.upv.es\/#website"},"datePublished":"2022-06-17T06:17:07+00:00","dateModified":"2022-06-17T08:05:09+00:00","breadcrumb":{"@id":"https:\/\/cuieet29.webs.upv.es\/?page_id=2076#breadcrumb"},"inLanguage":"es","potentialAction":[{"@type":"ReadAction","target":["https:\/\/cuieet29.webs.upv.es\/?page_id=2076"]}]},{"@type":"BreadcrumbList","@id":"https:\/\/cuieet29.webs.upv.es\/?page_id=2076#breadcrumb","itemListElement":[{"@type":"ListItem","position":1,"name":"Portada","item":"https:\/\/cuieet29.webs.upv.es\/"},{"@type":"ListItem","position":2,"name":"Comit\u00e9 Organizador"}]},{"@type":"WebSite","@id":"https:\/\/cuieet29.webs.upv.es\/#website","url":"https:\/\/cuieet29.webs.upv.es\/","name":"CUIEET29","description":"CUIEET 2022","publisher":{"@id":"https:\/\/cuieet29.webs.upv.es\/#organization"},"potentialAction":[{"@type":"SearchAction","target":{"@type":"EntryPoint","urlTemplate":"https:\/\/cuieet29.webs.upv.es\/?s={search_term_string}"},"query-input":{"@type":"PropertyValueSpecification","valueRequired":true,"valueName":"search_term_string"}}],"inLanguage":"es"},{"@type":"Organization","@id":"https:\/\/cuieet29.webs.upv.es\/#organization","name":"Cuieet29","url":"https:\/\/cuieet29.webs.upv.es\/","logo":{"@type":"ImageObject","inLanguage":"es","@id":"https:\/\/cuieet29.webs.upv.es\/#\/schema\/logo\/image\/","url":"https:\/\/cuieet29.webs.upv.es\/wp-content\/uploads\/2022\/04\/cuieet29_tw.gif","contentUrl":"https:\/\/cuieet29.webs.upv.es\/wp-content\/uploads\/2022\/04\/cuieet29_tw.gif","width":1024,"height":512,"caption":"Cuieet29"},"image":{"@id":"https:\/\/cuieet29.webs.upv.es\/#\/schema\/logo\/image\/"},"sameAs":["https:\/\/www.instagram.com\/@cuieet_29"]}]}},"_links":{"self":[{"href":"https:\/\/cuieet29.webs.upv.es\/index.php?rest_route=\/wp\/v2\/pages\/2076","targetHints":{"allow":["GET"]}}],"collection":[{"href":"https:\/\/cuieet29.webs.upv.es\/index.php?rest_route=\/wp\/v2\/pages"}],"about":[{"href":"https:\/\/cuieet29.webs.upv.es\/index.php?rest_route=\/wp\/v2\/types\/page"}],"author":[{"embeddable":true,"href":"https:\/\/cuieet29.webs.upv.es\/index.php?rest_route=\/wp\/v2\/users\/1"}],"replies":[{"embeddable":true,"href":"https:\/\/cuieet29.webs.upv.es\/index.php?rest_route=%2Fwp%2Fv2%2Fcomments&post=2076"}],"version-history":[{"count":9,"href":"https:\/\/cuieet29.webs.upv.es\/index.php?rest_route=\/wp\/v2\/pages\/2076\/revisions"}],"predecessor-version":[{"id":2104,"href":"https:\/\/cuieet29.webs.upv.es\/index.php?rest_route=\/wp\/v2\/pages\/2076\/revisions\/2104"}],"wp:attachment":[{"href":"https:\/\/cuieet29.webs.upv.es\/index.php?rest_route=%2Fwp%2Fv2%2Fmedia&parent=2076"}],"curies":[{"name":"wp","href":"https:\/\/api.w.org\/{rel}","templated":true}]}}