{"id":2085,"date":"2022-06-17T06:45:34","date_gmt":"2022-06-17T06:45:34","guid":{"rendered":"https:\/\/cuieet29.webs.upv.es\/?page_id=2085"},"modified":"2022-10-14T09:49:05","modified_gmt":"2022-10-14T09:49:05","slug":"2085-2","status":"publish","type":"page","link":"https:\/\/cuieet29.webs.upv.es\/?page_id=2085","title":{"rendered":"Comit\u00e9 Cient\u00edfico"},"content":{"rendered":"<p>[vc_row][vc_column]\n      <h3 class=\"section-title \"><span data-animation=\"flipInY\" data-animation-delay=\"300\" class=\"icon-inner\"><span class=\"fa-stack\"><i class=\"fa crcle fa-stack-2x\"><\/i><i class=\"fa fa-circle-check fa-stack-1x\"><\/i><\/span><\/span><span data-animation=\"fadeInRight\" data-animation-delay=\"500\" class=\"title-inner\">Comit\u00e9 Cient\u00edfico <small> <\/small><\/span><\/h3>\n    [vc_column_text css=&#8221;.vc_custom_1665740937557{margin-top: 20px !important;}&#8221;]<\/p>\n<table width=\"518\">\n<tbody>\n<tr>\n<td width=\"285\"><b>PRESIDENTA<\/b><\/td>\n<td width=\"233\"><\/td>\n<\/tr>\n<tr>\n<td>Vanesa Paula Cuenca Gotor<\/td>\n<td>Universitat Polit\u00e8cnica de Val\u00e8ncia<\/td>\n<\/tr>\n<\/tbody>\n<\/table>\n<p>&nbsp;<\/p>\n<table width=\"518\">\n<tbody>\n<tr>\n<td width=\"285\"><strong>COMISI\u00d3N EJECUTIVA<\/strong><\/td>\n<td width=\"233\"><\/td>\n<\/tr>\n<tr>\n<td>Jos\u00e9 Antonio Mora\u00f1o Fern\u00e1ndez<\/td>\n<td>Universitat Polit\u00e8cnica de Val\u00e8ncia<\/td>\n<\/tr>\n<tr>\n<td>Ana Pedrosa S\u00e1nchez<\/td>\n<td>Universitat Polit\u00e8cnica de Val\u00e8ncia<\/td>\n<\/tr>\n<tr>\n<td>Bego\u00f1a S\u00e1iz Maule\u00f3n<\/td>\n<td>Universitat Polit\u00e8cnica de Val\u00e8ncia<\/td>\n<\/tr>\n<tr>\n<td>Juan \u00c1ngel Sans Tresserras<\/td>\n<td>Universitat Polit\u00e8cnica de Val\u00e8ncia<\/td>\n<\/tr>\n<\/tbody>\n<\/table>\n<p>&nbsp;<\/p>\n<table width=\"518\">\n<tbody>\n<tr>\n<td width=\"285\"><strong>VOCALES<\/strong><\/td>\n<td width=\"233\"><\/td>\n<\/tr>\n<tr>\n<td>Jos\u00e9 A. Almendros Ib\u00e1\u00f1ez<\/td>\n<td>Universidad de Castilla-La Mancha<\/td>\n<\/tr>\n<tr>\n<td>Miquel Ardid Ram\u00edrez<\/td>\n<td>Universitat Polit\u00e8cnica de Val\u00e8ncia<\/td>\n<\/tr>\n<tr>\n<td>Salva Ardid Ram\u00edrez<\/td>\n<td>Universitat Polit\u00e8cnica de Val\u00e8ncia<\/td>\n<\/tr>\n<tr>\n<td>Francisco Javier Azcondo S\u00e1nchez<\/td>\n<td>Universidad de Cantabria<\/td>\n<\/tr>\n<tr>\n<td>Borja Badenes Badenes<\/td>\n<td>Universitat Polit\u00e8cnica de Val\u00e8ncia<\/td>\n<\/tr>\n<tr>\n<td>Joaqu\u00edn Barreiro Garc\u00eda<\/td>\n<td>Universidad de Le\u00f3n<\/td>\n<\/tr>\n<tr>\n<td>Paula Bastida Molina<\/td>\n<td>Universitat Polit\u00e8cnica de Val\u00e8ncia<\/td>\n<\/tr>\n<tr>\n<td>Jos\u00e9 Vicente Benlloch Dualde<\/td>\n<td>Universitat Polit\u00e8cnica de Val\u00e8ncia<\/td>\n<\/tr>\n<tr>\n<td>Andrea Bernardos Bau<\/td>\n<td>Universitat Polit\u00e8cnica de Val\u00e8ncia<\/td>\n<\/tr>\n<tr>\n<td>Suitberto Cabrera Garc\u00eda<\/td>\n<td>Universitat Polit\u00e8cnica de Val\u00e8ncia<\/td>\n<\/tr>\n<tr>\n<td>\u00c1ngeles Calduch Losa<\/td>\n<td>Universitat Polit\u00e8cnica de Val\u00e8ncia<\/td>\n<\/tr>\n<tr>\n<td>Juan Carlos Campo Rodr\u00edguez<\/td>\n<td>Universidad de Oviedo<\/td>\n<\/tr>\n<tr>\n<td>Jos\u00e9 Luis Canito Lobo<\/td>\n<td>Universidad de Extremadura<\/td>\n<\/tr>\n<tr>\n<td>Diego Carmona Fern\u00e1ndez<\/td>\n<td>Universidad de Extremadura<\/td>\n<\/tr>\n<tr>\n<td>Juan Pablo Carrasco Amador<\/td>\n<td>Universidad de Extremadura<\/td>\n<\/tr>\n<tr>\n<td>Isabel Carrillo Ramiro<\/td>\n<td>Universidad Polit\u00e9cnica de Madrid<\/td>\n<\/tr>\n<tr>\n<td>Nacho Despujol Zabala<\/td>\n<td>Universitat Polit\u00e8cnica de Val\u00e8ncia<\/td>\n<\/tr>\n<tr>\n<td>Vicente Dolz Ruiz<\/td>\n<td>Universitat Polit\u00e8cnica de Val\u00e8ncia<\/td>\n<\/tr>\n<tr>\n<td>Nekane Errasti Lozares<\/td>\n<td>Mondragon Unibertsitatea<\/td>\n<\/tr>\n<tr>\n<td>Vicente Ferrando Mart\u00edn<\/td>\n<td>Universitat Polit\u00e8cnica de Val\u00e8ncia<\/td>\n<\/tr>\n<tr>\n<td>Patricio Franco Chumillas<\/td>\n<td>Universidad de Cartagena<\/td>\n<\/tr>\n<tr>\n<td>Pedro Fuentes Dur\u00e1<\/td>\n<td>Universitat Polit\u00e8cnica de Val\u00e8ncia<\/td>\n<\/tr>\n<tr>\n<td>Ana Gimeno Sanz<\/td>\n<td>Universitat Polit\u00e8cnica de Val\u00e8ncia<\/td>\n<\/tr>\n<tr>\n<td>Houcine Hassan<\/td>\n<td>Universitat Polit\u00e8cnica de Val\u00e8ncia<\/td>\n<\/tr>\n<tr>\n<td>Alicia Herrero Deb\u00f3n<\/td>\n<td>Universitat Polit\u00e8cnica de Val\u00e8ncia<\/td>\n<\/tr>\n<tr>\n<td>Milagros (Alazne) Huerta G\u00f3mez de Merodio<\/td>\n<td>Universidad de C\u00e1diz<\/td>\n<\/tr>\n<tr>\n<td>Eugenio Ivorra Mart\u00ednez<\/td>\n<td>Universitat Polit\u00e8cnica de Val\u00e8ncia<\/td>\n<\/tr>\n<tr>\n<td>Virginia Larrea Santos<\/td>\n<td>Universitat Polit\u00e8cnica de Val\u00e8ncia<\/td>\n<\/tr>\n<tr>\n<td>Luis Lafuente Molinero<\/td>\n<td>Universidad de C\u00e1diz<\/td>\n<\/tr>\n<tr>\n<td>Lenin Lemus Z\u00fa\u00f1iga<\/td>\n<td>Universitat Polit\u00e8cnica de Val\u00e8ncia<\/td>\n<\/tr>\n<tr>\n<td>Juan Jes\u00fas Luna Rodr\u00edguez<\/td>\n<td>Universidad de C\u00f3rdoba<\/td>\n<\/tr>\n<tr>\n<td>Alfonso Carlos Marcos Romero<\/td>\n<td>Universidad de Extremadura<\/td>\n<\/tr>\n<tr>\n<td>Miguel \u00c1ngel Mariscal Salda\u00f1a<\/td>\n<td>Universidad de Burgos<\/td>\n<\/tr>\n<tr>\n<td>Vicente Mart\u00ed Centelles<\/td>\n<td>Universitat Polit\u00e8cnica de Val\u00e8ncia<\/td>\n<\/tr>\n<tr>\n<td>Beatriz Mart\u00edn Marchante<\/td>\n<td>Universitat Polit\u00e8cnica de Val\u00e8ncia<\/td>\n<\/tr>\n<tr>\n<td>Miguel Mateo Pla<\/td>\n<td>Universitat Polit\u00e8cnica de Val\u00e8ncia<\/td>\n<\/tr>\n<tr>\n<td>Pilar Molina Palomares<\/td>\n<td>Universitat Polit\u00e8cnica de Val\u00e8ncia<\/td>\n<\/tr>\n<tr>\n<td>Santi Moll L\u00f3pez<\/td>\n<td>Universitat Polit\u00e8cnica de Val\u00e8ncia<\/td>\n<\/tr>\n<tr>\n<td>Juan Antonio Monsoriu Serra<\/td>\n<td>Universitat Polit\u00e8cnica de Val\u00e8ncia<\/td>\n<\/tr>\n<tr>\n<td>Mart\u00edn Orna Carmona<\/td>\n<td>Universidad de Zaragoza<\/td>\n<\/tr>\n<tr>\n<td>Pere Pal\u00e0 Sch\u00f6nw\u00e4lder<\/td>\n<td>Universitat Polit\u00e8cnica de Catalunya<\/td>\n<\/tr>\n<tr>\n<td>M. \u00c0ngels P\u00e8lach<\/td>\n<td>Universitat de Girona<\/td>\n<\/tr>\n<tr>\n<td>Salvador P\u00e9rez Litr\u00e1n<\/td>\n<td>Universidad de Huelva<\/td>\n<\/tr>\n<tr>\n<td>Jes\u00fas \u00c1ngel Pisano Alonso<\/td>\n<td>Universidad de Valladolid<\/td>\n<\/tr>\n<tr>\n<td>Alina Pruna<\/td>\n<td>Universitat Polit\u00e8cnica de Val\u00e8ncia<\/td>\n<\/tr>\n<tr>\n<td>Ram\u00f3n Pujol Nadal<\/td>\n<td>Universitat de les Illes Balears<\/td>\n<\/tr>\n<tr>\n<td>Francisco Quintana Gragera<\/td>\n<td>Universidad de Extremadura<\/td>\n<\/tr>\n<tr>\n<td>Francisca Ram\u00f3n Fern\u00e1ndez<\/td>\n<td>Universitat Polit\u00e8cnica de Val\u00e8ncia<\/td>\n<\/tr>\n<tr>\n<td>Mar\u00eda del Pilar Romero L\u00f3pez<\/td>\n<td>Universidad de Las Palmas de G.C.<\/td>\n<\/tr>\n<tr>\n<td>Dolors Rosell\u00f3 Ferragud<\/td>\n<td>Universitat Polit\u00e8cnica de Val\u00e8ncia<\/td>\n<\/tr>\n<tr>\n<td>Carlos Rubi\u00f3 Sanvalero<\/td>\n<td>Universitat Polit\u00e8cnica de Val\u00e8ncia<\/td>\n<\/tr>\n<tr>\n<td>Rafael Seiz Ortiz<\/td>\n<td>Universitat Polit\u00e8cnica de Val\u00e8ncia<\/td>\n<\/tr>\n<tr>\n<td>Josep Llu\u00eds Su\u00f1er Mart\u00ednez<\/td>\n<td>Universitat Polit\u00e8cnica de Val\u00e8ncia<\/td>\n<\/tr>\n<tr>\n<td>Jos\u00e9 Tejero Manzanares<\/td>\n<td>Universidad de Castilla-La Mancha<\/td>\n<\/tr>\n<tr>\n<td>M\u00f3nica Val Fiel<\/td>\n<td>Universitat Polit\u00e8cnica de Val\u00e8ncia<\/td>\n<\/tr>\n<tr>\n<td>\u00c1ngel Vicente Escuder<\/td>\n<td>Universitat Polit\u00e8cnica de Val\u00e8ncia<\/td>\n<\/tr>\n<tr>\n<td>Pedro Yuste P\u00e9rez<\/td>\n<td>Universitat Polit\u00e8cnica de Val\u00e8ncia<\/td>\n<\/tr>\n<\/tbody>\n<\/table>\n<p>[\/vc_column_text][\/vc_column][\/vc_row][vc_row][vc_column][\/vc_column][\/vc_row]<\/p>\n","protected":false},"excerpt":{"rendered":"<p>[vc_row][vc_column][vc_column_text css=&#8221;.vc_custom_1665740937557{margin-top: 20px !important;}&#8221;] PRESIDENTA Vanesa Paula Cuenca Gotor Universitat Polit\u00e8cnica de Val\u00e8ncia &nbsp; COMISI\u00d3N EJECUTIVA Jos\u00e9 Antonio Mora\u00f1o Fern\u00e1ndez Universitat Polit\u00e8cnica de Val\u00e8ncia Ana Pedrosa S\u00e1nchez Universitat Polit\u00e8cnica de Val\u00e8ncia Bego\u00f1a S\u00e1iz Maule\u00f3n Universitat Polit\u00e8cnica de Val\u00e8ncia Juan \u00c1ngel Sans Tresserras<\/p>\n","protected":false},"author":1,"featured_media":0,"parent":0,"menu_order":0,"comment_status":"closed","ping_status":"closed","template":"","meta":{"footnotes":""},"class_list":["post-2085","page","type-page","status-publish","hentry"],"yoast_head":"<!-- This site is optimized with the Yoast SEO plugin v27.5 - https:\/\/yoast.com\/product\/yoast-seo-wordpress\/ -->\n<title>Comit\u00e9 Cient\u00edfico - CUIEET29<\/title>\n<meta name=\"robots\" content=\"index, follow, max-snippet:-1, max-image-preview:large, max-video-preview:-1\" \/>\n<link rel=\"canonical\" href=\"https:\/\/cuieet29.webs.upv.es\/?page_id=2085\" \/>\n<meta property=\"og:locale\" content=\"es_ES\" \/>\n<meta property=\"og:type\" content=\"article\" \/>\n<meta property=\"og:title\" content=\"Comit\u00e9 Cient\u00edfico - CUIEET29\" \/>\n<meta property=\"og:description\" content=\"[vc_row][vc_column][vc_column_text css=&#8221;.vc_custom_1665740937557{margin-top: 20px !important;}&#8221;] PRESIDENTA Vanesa Paula Cuenca Gotor Universitat Polit\u00e8cnica de Val\u00e8ncia &nbsp; COMISI\u00d3N EJECUTIVA Jos\u00e9 Antonio Mora\u00f1o Fern\u00e1ndez Universitat Polit\u00e8cnica de Val\u00e8ncia Ana Pedrosa S\u00e1nchez Universitat Polit\u00e8cnica de Val\u00e8ncia Bego\u00f1a S\u00e1iz Maule\u00f3n Universitat Polit\u00e8cnica de Val\u00e8ncia Juan \u00c1ngel Sans Tresserras\" \/>\n<meta property=\"og:url\" content=\"https:\/\/cuieet29.webs.upv.es\/?page_id=2085\" \/>\n<meta property=\"og:site_name\" content=\"CUIEET29\" \/>\n<meta property=\"article:modified_time\" content=\"2022-10-14T09:49:05+00:00\" \/>\n<meta name=\"twitter:card\" content=\"summary_large_image\" \/>\n<meta name=\"twitter:label1\" content=\"Tiempo de lectura\" \/>\n\t<meta name=\"twitter:data1\" content=\"2 minutos\" \/>\n<script type=\"application\/ld+json\" class=\"yoast-schema-graph\">{\"@context\":\"https:\\\/\\\/schema.org\",\"@graph\":[{\"@type\":\"WebPage\",\"@id\":\"https:\\\/\\\/cuieet29.webs.upv.es\\\/?page_id=2085\",\"url\":\"https:\\\/\\\/cuieet29.webs.upv.es\\\/?page_id=2085\",\"name\":\"Comit\u00e9 Cient\u00edfico - CUIEET29\",\"isPartOf\":{\"@id\":\"https:\\\/\\\/cuieet29.webs.upv.es\\\/#website\"},\"datePublished\":\"2022-06-17T06:45:34+00:00\",\"dateModified\":\"2022-10-14T09:49:05+00:00\",\"breadcrumb\":{\"@id\":\"https:\\\/\\\/cuieet29.webs.upv.es\\\/?page_id=2085#breadcrumb\"},\"inLanguage\":\"es\",\"potentialAction\":[{\"@type\":\"ReadAction\",\"target\":[\"https:\\\/\\\/cuieet29.webs.upv.es\\\/?page_id=2085\"]}]},{\"@type\":\"BreadcrumbList\",\"@id\":\"https:\\\/\\\/cuieet29.webs.upv.es\\\/?page_id=2085#breadcrumb\",\"itemListElement\":[{\"@type\":\"ListItem\",\"position\":1,\"name\":\"Portada\",\"item\":\"https:\\\/\\\/cuieet29.webs.upv.es\\\/\"},{\"@type\":\"ListItem\",\"position\":2,\"name\":\"Comit\u00e9 Cient\u00edfico\"}]},{\"@type\":\"WebSite\",\"@id\":\"https:\\\/\\\/cuieet29.webs.upv.es\\\/#website\",\"url\":\"https:\\\/\\\/cuieet29.webs.upv.es\\\/\",\"name\":\"CUIEET29\",\"description\":\"CUIEET 2022\",\"publisher\":{\"@id\":\"https:\\\/\\\/cuieet29.webs.upv.es\\\/#organization\"},\"potentialAction\":[{\"@type\":\"SearchAction\",\"target\":{\"@type\":\"EntryPoint\",\"urlTemplate\":\"https:\\\/\\\/cuieet29.webs.upv.es\\\/?s={search_term_string}\"},\"query-input\":{\"@type\":\"PropertyValueSpecification\",\"valueRequired\":true,\"valueName\":\"search_term_string\"}}],\"inLanguage\":\"es\"},{\"@type\":\"Organization\",\"@id\":\"https:\\\/\\\/cuieet29.webs.upv.es\\\/#organization\",\"name\":\"Cuieet29\",\"url\":\"https:\\\/\\\/cuieet29.webs.upv.es\\\/\",\"logo\":{\"@type\":\"ImageObject\",\"inLanguage\":\"es\",\"@id\":\"https:\\\/\\\/cuieet29.webs.upv.es\\\/#\\\/schema\\\/logo\\\/image\\\/\",\"url\":\"https:\\\/\\\/cuieet29.webs.upv.es\\\/wp-content\\\/uploads\\\/2022\\\/04\\\/cuieet29_tw.gif\",\"contentUrl\":\"https:\\\/\\\/cuieet29.webs.upv.es\\\/wp-content\\\/uploads\\\/2022\\\/04\\\/cuieet29_tw.gif\",\"width\":1024,\"height\":512,\"caption\":\"Cuieet29\"},\"image\":{\"@id\":\"https:\\\/\\\/cuieet29.webs.upv.es\\\/#\\\/schema\\\/logo\\\/image\\\/\"},\"sameAs\":[\"https:\\\/\\\/www.instagram.com\\\/@cuieet_29\"]}]}<\/script>\n<!-- \/ Yoast SEO plugin. -->","yoast_head_json":{"title":"Comit\u00e9 Cient\u00edfico - CUIEET29","robots":{"index":"index","follow":"follow","max-snippet":"max-snippet:-1","max-image-preview":"max-image-preview:large","max-video-preview":"max-video-preview:-1"},"canonical":"https:\/\/cuieet29.webs.upv.es\/?page_id=2085","og_locale":"es_ES","og_type":"article","og_title":"Comit\u00e9 Cient\u00edfico - CUIEET29","og_description":"[vc_row][vc_column][vc_column_text css=&#8221;.vc_custom_1665740937557{margin-top: 20px !important;}&#8221;] PRESIDENTA Vanesa Paula Cuenca Gotor Universitat Polit\u00e8cnica de Val\u00e8ncia &nbsp; COMISI\u00d3N EJECUTIVA Jos\u00e9 Antonio Mora\u00f1o Fern\u00e1ndez Universitat Polit\u00e8cnica de Val\u00e8ncia Ana Pedrosa S\u00e1nchez Universitat Polit\u00e8cnica de Val\u00e8ncia Bego\u00f1a S\u00e1iz Maule\u00f3n Universitat Polit\u00e8cnica de Val\u00e8ncia Juan \u00c1ngel Sans Tresserras","og_url":"https:\/\/cuieet29.webs.upv.es\/?page_id=2085","og_site_name":"CUIEET29","article_modified_time":"2022-10-14T09:49:05+00:00","twitter_card":"summary_large_image","twitter_misc":{"Tiempo de lectura":"2 minutos"},"schema":{"@context":"https:\/\/schema.org","@graph":[{"@type":"WebPage","@id":"https:\/\/cuieet29.webs.upv.es\/?page_id=2085","url":"https:\/\/cuieet29.webs.upv.es\/?page_id=2085","name":"Comit\u00e9 Cient\u00edfico - CUIEET29","isPartOf":{"@id":"https:\/\/cuieet29.webs.upv.es\/#website"},"datePublished":"2022-06-17T06:45:34+00:00","dateModified":"2022-10-14T09:49:05+00:00","breadcrumb":{"@id":"https:\/\/cuieet29.webs.upv.es\/?page_id=2085#breadcrumb"},"inLanguage":"es","potentialAction":[{"@type":"ReadAction","target":["https:\/\/cuieet29.webs.upv.es\/?page_id=2085"]}]},{"@type":"BreadcrumbList","@id":"https:\/\/cuieet29.webs.upv.es\/?page_id=2085#breadcrumb","itemListElement":[{"@type":"ListItem","position":1,"name":"Portada","item":"https:\/\/cuieet29.webs.upv.es\/"},{"@type":"ListItem","position":2,"name":"Comit\u00e9 Cient\u00edfico"}]},{"@type":"WebSite","@id":"https:\/\/cuieet29.webs.upv.es\/#website","url":"https:\/\/cuieet29.webs.upv.es\/","name":"CUIEET29","description":"CUIEET 2022","publisher":{"@id":"https:\/\/cuieet29.webs.upv.es\/#organization"},"potentialAction":[{"@type":"SearchAction","target":{"@type":"EntryPoint","urlTemplate":"https:\/\/cuieet29.webs.upv.es\/?s={search_term_string}"},"query-input":{"@type":"PropertyValueSpecification","valueRequired":true,"valueName":"search_term_string"}}],"inLanguage":"es"},{"@type":"Organization","@id":"https:\/\/cuieet29.webs.upv.es\/#organization","name":"Cuieet29","url":"https:\/\/cuieet29.webs.upv.es\/","logo":{"@type":"ImageObject","inLanguage":"es","@id":"https:\/\/cuieet29.webs.upv.es\/#\/schema\/logo\/image\/","url":"https:\/\/cuieet29.webs.upv.es\/wp-content\/uploads\/2022\/04\/cuieet29_tw.gif","contentUrl":"https:\/\/cuieet29.webs.upv.es\/wp-content\/uploads\/2022\/04\/cuieet29_tw.gif","width":1024,"height":512,"caption":"Cuieet29"},"image":{"@id":"https:\/\/cuieet29.webs.upv.es\/#\/schema\/logo\/image\/"},"sameAs":["https:\/\/www.instagram.com\/@cuieet_29"]}]}},"_links":{"self":[{"href":"https:\/\/cuieet29.webs.upv.es\/index.php?rest_route=\/wp\/v2\/pages\/2085","targetHints":{"allow":["GET"]}}],"collection":[{"href":"https:\/\/cuieet29.webs.upv.es\/index.php?rest_route=\/wp\/v2\/pages"}],"about":[{"href":"https:\/\/cuieet29.webs.upv.es\/index.php?rest_route=\/wp\/v2\/types\/page"}],"author":[{"embeddable":true,"href":"https:\/\/cuieet29.webs.upv.es\/index.php?rest_route=\/wp\/v2\/users\/1"}],"replies":[{"embeddable":true,"href":"https:\/\/cuieet29.webs.upv.es\/index.php?rest_route=%2Fwp%2Fv2%2Fcomments&post=2085"}],"version-history":[{"count":4,"href":"https:\/\/cuieet29.webs.upv.es\/index.php?rest_route=\/wp\/v2\/pages\/2085\/revisions"}],"predecessor-version":[{"id":2158,"href":"https:\/\/cuieet29.webs.upv.es\/index.php?rest_route=\/wp\/v2\/pages\/2085\/revisions\/2158"}],"wp:attachment":[{"href":"https:\/\/cuieet29.webs.upv.es\/index.php?rest_route=%2Fwp%2Fv2%2Fmedia&parent=2085"}],"curies":[{"name":"wp","href":"https:\/\/api.w.org\/{rel}","templated":true}]}}